{"id":566,"date":"2025-11-17T17:39:09","date_gmt":"2025-11-17T17:39:09","guid":{"rendered":"https:\/\/ff-prebensdorf.at\/?page_id=566"},"modified":"2026-01-28T19:38:25","modified_gmt":"2026-01-28T19:38:25","slug":"mitglieder","status":"publish","type":"page","link":"https:\/\/ff-prebensdorf.at\/index.php\/mitglieder\/","title":{"rendered":"Mitglieder"},"content":{"rendered":"\n<figure class=\"wp-block-image size-large\"><img loading=\"lazy\" decoding=\"async\" width=\"1024\" height=\"801\" src=\"https:\/\/ff-prebensdorf.at\/wp-content\/uploads\/2025\/11\/20231008-IMG_8334-1024x801.jpg\" alt=\"\" class=\"wp-image-568\" srcset=\"https:\/\/ff-prebensdorf.at\/wp-content\/uploads\/2025\/11\/20231008-IMG_8334-1024x801.jpg 1024w, https:\/\/ff-prebensdorf.at\/wp-content\/uploads\/2025\/11\/20231008-IMG_8334-300x235.jpg 300w, https:\/\/ff-prebensdorf.at\/wp-content\/uploads\/2025\/11\/20231008-IMG_8334-768x601.jpg 768w, https:\/\/ff-prebensdorf.at\/wp-content\/uploads\/2025\/11\/20231008-IMG_8334-1536x1202.jpg 1536w, https:\/\/ff-prebensdorf.at\/wp-content\/uploads\/2025\/11\/20231008-IMG_8334-2048x1602.jpg 2048w\" sizes=\"auto, (max-width: 1024px) 100vw, 1024px\" \/><\/figure>\n\n\n\n<p>Unsere Feuerwehr z\u00e4hlt mittlerweile \u00fcber 100 engagierte Mitglieder \u2013 eine starke Gemeinschaft, auf die wir besonders stolz sind.<br>Von diesen stehen 61 Frauen und M\u00e4nner aktiv im Dienst und sorgen t\u00e4glich daf\u00fcr, dass wir im Ernstfall schnell und professionell helfen k\u00f6nnen.<\/p>\n\n\n\n<p>Ob Ausbildung, Eins\u00e4tze oder Veranstaltungen: Unsere Mannschaft lebt Kameradschaft und Einsatzbereitschaft, und genau das macht unsere Feuerwehr so besonders.<\/p>\n","protected":false},"excerpt":{"rendered":"<p>Unsere Feuerwehr z\u00e4hlt mittlerweile \u00fcber 100 engagierte Mitglieder \u2013 eine starke Gemeinschaft, auf die wir besonders stolz sind.Von diesen stehen 61 Frauen und M\u00e4nner aktiv im Dienst und sorgen t\u00e4glich daf\u00fcr, dass wir im Ernstfall schnell und professionell helfen k\u00f6nnen. Ob Ausbildung, Eins\u00e4tze oder Veranstaltungen: Unsere Mannschaft lebt Kameradschaft und Einsatzbereitschaft, und genau das macht [&hellip;]<\/p>\n","protected":false},"author":1,"featured_media":0,"parent":0,"menu_order":0,"comment_status":"closed","ping_status":"closed","template":"","meta":{"footnotes":""},"class_list":["post-566","page","type-page","status-publish","hentry"],"_links":{"self":[{"href":"https:\/\/ff-prebensdorf.at\/index.php\/wp-json\/wp\/v2\/pages\/566","targetHints":{"allow":["GET"]}}],"collection":[{"href":"https:\/\/ff-prebensdorf.at\/index.php\/wp-json\/wp\/v2\/pages"}],"about":[{"href":"https:\/\/ff-prebensdorf.at\/index.php\/wp-json\/wp\/v2\/types\/page"}],"author":[{"embeddable":true,"href":"https:\/\/ff-prebensdorf.at\/index.php\/wp-json\/wp\/v2\/users\/1"}],"replies":[{"embeddable":true,"href":"https:\/\/ff-prebensdorf.at\/index.php\/wp-json\/wp\/v2\/comments?post=566"}],"version-history":[{"count":2,"href":"https:\/\/ff-prebensdorf.at\/index.php\/wp-json\/wp\/v2\/pages\/566\/revisions"}],"predecessor-version":[{"id":569,"href":"https:\/\/ff-prebensdorf.at\/index.php\/wp-json\/wp\/v2\/pages\/566\/revisions\/569"}],"wp:attachment":[{"href":"https:\/\/ff-prebensdorf.at\/index.php\/wp-json\/wp\/v2\/media?parent=566"}],"curies":[{"name":"wp","href":"https:\/\/api.w.org\/{rel}","templated":true}]}}