{"id":109,"date":"2025-04-02T17:16:19","date_gmt":"2025-04-02T17:16:19","guid":{"rendered":"http:\/\/localhost\/mywordpress2\/?page_id=109"},"modified":"2025-05-14T17:06:47","modified_gmt":"2025-05-14T17:06:47","slug":"chronik","status":"publish","type":"page","link":"https:\/\/ff-prebensdorf.at\/index.php\/chronik\/","title":{"rendered":"Chronik"},"content":{"rendered":"\n<p>Unsere Freiwillige Feuerwehr wurde am 20 September 1894 von 23 beherzten&nbsp; M\u00e4nnern unter dem Kommando von Johann Brodtrager und 38 unterst\u00fctzenden Mitgliedern ins Leben gerufen.<\/p>\n\n\n\n<p>Damit wurde der Grundstein unserer heutigen Wehr gelegt. Im Jahre 1932 wurde nach Anfangs h\u00e4ndischen Spritzen die erste Motorspritze angeschafft. Das erste Einsatzfahrzeug konnte im Jahre 1949 erworben werden. Als Ersatz f\u00fcr die erste Motorspritze wurde 1957 eine TS RU 75 angekauft. 1961 musste das erste L\u00f6schfahrzeug durch ein neues der Firma Steyr ersetzt werden. Seit dem Jahre 1967 steht uns ein Kleinl\u00f6schfahrzeug der Marke Landrover, dem 1973 eine Vorbaupumpe angebaut wurde, zur Verf\u00fcgung. 1973 wurde auch ein Manschaftstransportfahrzeug angeschafft.<\/p>\n\n\n\n<p>Aus akutem Platzmangel wurde 1979 ein neues gro\u00dfes R\u00fcsthaus gebaut. 1982 konnte ein Kleinl\u00f6schfahrzeug der Type Mercedes 308 gekauft und in den Dienst gestellt werden. Im Jubil\u00e4umsjahr 1994 wurde ein Tankl\u00f6schfahrzeug der Marke Steyr 12 S 23, 4&#215;4 mit 2000 Liter L\u00f6schwassertank und den erforderlichen Ger\u00e4tschaften angeschafft.<\/p>\n\n\n\n<p>Unser altes Manschaftstransporffahrzeug wurde im Jahr 1999 durch ein neues der Marke VW Transporter T4 mit Allrad ersetzt. Nat\u00fcrlich beinhaltet das neue Manschaftstransportfahrzeug alle Ger\u00e4tschaften die an der Einsatzstelle ben\u00f6tigt werden.<\/p>\n\n\n\n<p>Im Jahr 2000 wurde das alte R\u00fcsthaus das 1979 errichtet wurde, den Erfordernissen der heutigen Zeit angepasst. Die Bekleidung der Feuerwehrleute wurde aus dem Garagenraum in einen eigenen Umkleideraum verlegt, sowie die sanit\u00e4ren Anlagen erneuert und ein gro\u00dfer Lageraum errichtet. Im Obergescho\u00df wurde ein Schulungsraum bzw. Kulturraum f\u00fcr die \u00d6ffentlichkeit eingerichtet.<\/p>\n\n\n\n<p>Die Umbauarbeiten dauerten ca. 26 Monate. Das R\u00fcsthaus wurde dann im Jahr 2003 eingeweiht und in Betrieb genommen.<\/p>\n\n\n\n<p>Unser Kleinl\u00f6schfahrzeug das 26 Jahre im Dienste unserer Feuerwehr stand, wurde im Jahr 2008 gegen ein neues Kleinl\u00f6schfahrzeug mit Allrad der Marke IVECO DAILY 65C18 ausgetauscht. Das neue Fahrzeug wurde zus\u00e4tzlich mit Hydraulischem Rettungsger\u00e4t, Hebekissenset und Greifzug ausgestattet um auch bei technischen Eins\u00e4tzen gut ger\u00fcstet zu sein.<\/p>\n\n\n\n<p>Zuletzt wurde im Jahr 2015 ein neues Manschaftstransportfahrzeug der Marke VW T5 mit 4 Motion Allradantrieb in den Dienst gestellt.<\/p>\n\n\n\n<p>Im Jahr 2019 tauschten wir unser altes Tankl\u00f6schfahrzeug gegen einen HLF2-Hilfeleistungsfahrzeug der Firma Mercedes!<br>Das sowohl im technischen sowie auch im Brandbereich top ausger\u00fcstet wurde!<\/p>\n\n\n\n<p>Somit sind wir sehr gut in unserer Feuerwehr aufgestellt und k\u00f6nnen top ausger\u00fcstet und ausgebildet f\u00fcr unsere Bev\u00f6lkerung da sein!<\/p>\n","protected":false},"excerpt":{"rendered":"<p>Unsere Freiwillige Feuerwehr wurde am 20 September 1894 von 23 beherzten&nbsp; M\u00e4nnern unter dem Kommando von Johann Brodtrager und 38 unterst\u00fctzenden Mitgliedern ins Leben gerufen. Damit wurde der Grundstein unserer heutigen Wehr gelegt. Im Jahre 1932 wurde nach Anfangs h\u00e4ndischen Spritzen die erste Motorspritze angeschafft. Das erste Einsatzfahrzeug konnte im Jahre 1949 erworben werden. Als [&hellip;]<\/p>\n","protected":false},"author":1,"featured_media":0,"parent":0,"menu_order":0,"comment_status":"closed","ping_status":"closed","template":"","meta":{"footnotes":""},"class_list":["post-109","page","type-page","status-publish","hentry"],"_links":{"self":[{"href":"https:\/\/ff-prebensdorf.at\/index.php\/wp-json\/wp\/v2\/pages\/109","targetHints":{"allow":["GET"]}}],"collection":[{"href":"https:\/\/ff-prebensdorf.at\/index.php\/wp-json\/wp\/v2\/pages"}],"about":[{"href":"https:\/\/ff-prebensdorf.at\/index.php\/wp-json\/wp\/v2\/types\/page"}],"author":[{"embeddable":true,"href":"https:\/\/ff-prebensdorf.at\/index.php\/wp-json\/wp\/v2\/users\/1"}],"replies":[{"embeddable":true,"href":"https:\/\/ff-prebensdorf.at\/index.php\/wp-json\/wp\/v2\/comments?post=109"}],"version-history":[{"count":2,"href":"https:\/\/ff-prebensdorf.at\/index.php\/wp-json\/wp\/v2\/pages\/109\/revisions"}],"predecessor-version":[{"id":176,"href":"https:\/\/ff-prebensdorf.at\/index.php\/wp-json\/wp\/v2\/pages\/109\/revisions\/176"}],"wp:attachment":[{"href":"https:\/\/ff-prebensdorf.at\/index.php\/wp-json\/wp\/v2\/media?parent=109"}],"curies":[{"name":"wp","href":"https:\/\/api.w.org\/{rel}","templated":true}]}}